{"id":7054,"date":"2021-06-09T19:14:07","date_gmt":"2021-06-10T01:14:07","guid":{"rendered":"https:\/\/revista925taxco.fad.unam.mx?page_id=7054"},"modified":"2021-08-02T20:10:44","modified_gmt":"2021-08-03T02:10:44","slug":"eneo-vocacionporlavida","status":"publish","type":"page","link":"https:\/\/revista925taxco.fad.unam.mx\/index.php\/eneo-vocacionporlavida\/","title":{"rendered":"ENEO, Vocaci\u00f3n por la vida"},"content":{"rendered":"<h4 style=\"padding-left: 30px; text-align: left;\"><span style=\"color: #182849;\">Junio, 2021<\/span><\/h4>\n<p style=\"text-align: left;\"><span style=\"color: #7f6c34;\"><strong>En noviembre de 2020, la Escuela Nacional de Enfermer\u00eda y Obstetricia y la Facultad de Artes y Dise\u00f1o, firmaron las Bases de Colaboraci\u00f3n Interinstitucional para realizar tres proyectos:<\/strong> el libro \u2018Enfermer\u00eda y Covid-19: la voz de sus protagonistas\u2019, que se public\u00f3 en diciembre de ese a\u00f1o; el mural colectivo COVID-19, ubicado en la barda perimetral de la ENEO; y el mural monumental ENEO, \u2018Vocaci\u00f3n por la vida\u2019, que se inaugur\u00f3 el 4 de junio de 2021. Los tres proyectos contaron con el apoyo del Rector de la UNAM, Dr. Enrique Graue Wiechers, sin cuyo aliento no habr\u00edan sido posibles.<\/span><\/p>\n<p style=\"text-align: left;\"><a href=\"https:\/\/revista925taxco.fad.unam.mxwp-content\/uploads\/2021\/06\/LAM-Mural.jpg\"><img fetchpriority=\"high\" decoding=\"async\" class=\"aligncenter size-full wp-image-7069\" src=\"https:\/\/revista925taxco.fad.unam.mxwp-content\/uploads\/2021\/06\/LAM-Mural.jpg\" alt=\"LAM-Mural\" width=\"1200\" height=\"991\" srcset=\"https:\/\/revista925taxco.fad.unam.mx\/wp-content\/uploads\/2021\/06\/LAM-Mural.jpg 1200w, https:\/\/revista925taxco.fad.unam.mx\/wp-content\/uploads\/2021\/06\/LAM-Mural-300x248.jpg 300w, https:\/\/revista925taxco.fad.unam.mx\/wp-content\/uploads\/2021\/06\/LAM-Mural-1024x846.jpg 1024w, https:\/\/revista925taxco.fad.unam.mx\/wp-content\/uploads\/2021\/06\/LAM-Mural-480x396.jpg 480w, https:\/\/revista925taxco.fad.unam.mx\/wp-content\/uploads\/2021\/06\/LAM-Mural-605x500.jpg 605w\" sizes=\"(max-width: 1200px) 100vw, 1200px\" \/><\/a><\/p>\n<p style=\"text-align: left;\">El mural es obra original del destacado artista mexicano y profesor de la FAD, Alfredo Nieto Mart\u00ednez. Su dise\u00f1o corresponde a una estructura geom\u00e9trica con espacios en m\u00faltiples diagonales que equidistan en tres puntos centrales: en el primer punto superior se coloc\u00f3 a una estudiante de enfermer\u00eda como figura principal de la composici\u00f3n; detr\u00e1s de ella, aparecen las efigies de Florence Nightingale, Elena Arizmendi (s\u00edmbolo de la enfermer\u00eda durante la revoluci\u00f3n mexicana), y Graciela Arroyo de Cordero, exdirectora de la ENEO e impulsora de la profesi\u00f3n. El punto central de la composici\u00f3n refleja la actual pandemia de COVID-19, con una enfermera y un enfermero portando el equipo de protecci\u00f3n especializado, y dando atenci\u00f3n sobre un globo terr\u00e1queo enfermo. El tercer punto central es el nacimiento de un beb\u00e9 que, de manera metaf\u00f3rica, est\u00e1 rodeado de mariposas para evitar la t\u00edpica representaci\u00f3n cl\u00ednica profesional. El dise\u00f1o del mural es inclusivo, ya que aparecen mujeres y hombres, sin olvidar que la enfermer\u00eda ha sido una labor desempe\u00f1ada, en su gran mayor\u00eda, por mujeres. La estructura lum\u00ednica est\u00e1 determinada por una paleta de colores que, en primer lugar, lo determinan los colores de la UNAM, pero limitados por la t\u00e9cnica de colores minerales (silicato de potasio).<\/p>\n<p style=\"text-align: left;\">Este mural es s\u00edmbolo de la enfermer\u00eda y los valores universitarios; y desde este momento forma parte del patrimonio art\u00edstico y cultural de nuestra M\u00e1xima Casa de Estudios.<\/p>\n<p style=\"text-align: left;\">Enhorabuena a las y los enfermeros de M\u00e9xico.<\/p>\n<pre style=\"text-align: left; padding-left: 30px;\"><span style=\"color: #7f6c34;\">Con informaci\u00f3n proporcionada por la ENEO UNAM<\/span><\/pre>\n<p style=\"text-align: left;\"><a href=\"https:\/\/revista925taxco.fad.unam.mxwp-content\/uploads\/2021\/06\/LAM-Vocacion1.jpg\"><img decoding=\"async\" class=\"aligncenter size-full wp-image-7070\" src=\"https:\/\/revista925taxco.fad.unam.mxwp-content\/uploads\/2021\/06\/LAM-Vocacion1.jpg\" alt=\"LAM-Vocacion1\" width=\"1200\" height=\"528\" srcset=\"https:\/\/revista925taxco.fad.unam.mx\/wp-content\/uploads\/2021\/06\/LAM-Vocacion1.jpg 1200w, https:\/\/revista925taxco.fad.unam.mx\/wp-content\/uploads\/2021\/06\/LAM-Vocacion1-300x132.jpg 300w, https:\/\/revista925taxco.fad.unam.mx\/wp-content\/uploads\/2021\/06\/LAM-Vocacion1-1024x451.jpg 1024w, https:\/\/revista925taxco.fad.unam.mx\/wp-content\/uploads\/2021\/06\/LAM-Vocacion1-480x211.jpg 480w, https:\/\/revista925taxco.fad.unam.mx\/wp-content\/uploads\/2021\/06\/LAM-Vocacion1-1136x500.jpg 1136w\" sizes=\"(max-width: 1200px) 100vw, 1200px\" \/><\/a><\/p>\n<p style=\"text-align: left;\"><a href=\"https:\/\/revista925taxco.fad.unam.mxwp-content\/uploads\/2021\/06\/LAM-Vocacion2.jpg\"><img decoding=\"async\" class=\"aligncenter size-full wp-image-7071\" src=\"https:\/\/revista925taxco.fad.unam.mxwp-content\/uploads\/2021\/06\/LAM-Vocacion2.jpg\" alt=\"LAM-Vocacion2\" width=\"1200\" height=\"528\" srcset=\"https:\/\/revista925taxco.fad.unam.mx\/wp-content\/uploads\/2021\/06\/LAM-Vocacion2.jpg 1200w, https:\/\/revista925taxco.fad.unam.mx\/wp-content\/uploads\/2021\/06\/LAM-Vocacion2-300x132.jpg 300w, https:\/\/revista925taxco.fad.unam.mx\/wp-content\/uploads\/2021\/06\/LAM-Vocacion2-1024x451.jpg 1024w, https:\/\/revista925taxco.fad.unam.mx\/wp-content\/uploads\/2021\/06\/LAM-Vocacion2-480x211.jpg 480w, https:\/\/revista925taxco.fad.unam.mx\/wp-content\/uploads\/2021\/06\/LAM-Vocacion2-1136x500.jpg 1136w\" sizes=\"(max-width: 1200px) 100vw, 1200px\" \/><\/a><\/p>\n<p style=\"text-align: left;\"><a href=\"https:\/\/revista925taxco.fad.unam.mxwp-content\/uploads\/2021\/06\/LAM-Vocacion3.jpg\"><img loading=\"lazy\" decoding=\"async\" class=\"aligncenter size-full wp-image-7078\" src=\"https:\/\/revista925taxco.fad.unam.mxwp-content\/uploads\/2021\/06\/LAM-Vocacion3.jpg\" alt=\"LAM-Vocacion3\" width=\"1200\" height=\"528\" srcset=\"https:\/\/revista925taxco.fad.unam.mx\/wp-content\/uploads\/2021\/06\/LAM-Vocacion3.jpg 1200w, https:\/\/revista925taxco.fad.unam.mx\/wp-content\/uploads\/2021\/06\/LAM-Vocacion3-300x132.jpg 300w, https:\/\/revista925taxco.fad.unam.mx\/wp-content\/uploads\/2021\/06\/LAM-Vocacion3-1024x451.jpg 1024w, https:\/\/revista925taxco.fad.unam.mx\/wp-content\/uploads\/2021\/06\/LAM-Vocacion3-480x211.jpg 480w, https:\/\/revista925taxco.fad.unam.mx\/wp-content\/uploads\/2021\/06\/LAM-Vocacion3-1136x500.jpg 1136w\" sizes=\"(max-width: 1200px) 100vw, 1200px\" \/><\/a><\/p>\n<p style=\"text-align: left;\"><a href=\"https:\/\/revista925taxco.fad.unam.mxwp-content\/uploads\/2021\/06\/LAM-Vocacion4.jpg\"><img loading=\"lazy\" decoding=\"async\" class=\"aligncenter size-full wp-image-7073\" src=\"https:\/\/revista925taxco.fad.unam.mxwp-content\/uploads\/2021\/06\/LAM-Vocacion4.jpg\" alt=\"LAM-Vocacion4\" width=\"1200\" height=\"528\" srcset=\"https:\/\/revista925taxco.fad.unam.mx\/wp-content\/uploads\/2021\/06\/LAM-Vocacion4.jpg 1200w, https:\/\/revista925taxco.fad.unam.mx\/wp-content\/uploads\/2021\/06\/LAM-Vocacion4-300x132.jpg 300w, https:\/\/revista925taxco.fad.unam.mx\/wp-content\/uploads\/2021\/06\/LAM-Vocacion4-1024x451.jpg 1024w, https:\/\/revista925taxco.fad.unam.mx\/wp-content\/uploads\/2021\/06\/LAM-Vocacion4-480x211.jpg 480w, https:\/\/revista925taxco.fad.unam.mx\/wp-content\/uploads\/2021\/06\/LAM-Vocacion4-1136x500.jpg 1136w\" sizes=\"(max-width: 1200px) 100vw, 1200px\" \/><\/a><\/p>\n","protected":false},"excerpt":{"rendered":"<p>Junio, 2021 En noviembre de 2020, la Escuela Nacional de Enfermer\u00eda y Obstetricia y la Facultad de Artes y Dise\u00f1o, firmaron las Bases de Colaboraci\u00f3n Interinstitucional para realizar tres proyectos: el libro \u2018Enfermer\u00eda y Covid-19: la voz de sus protagonistas\u2019, que se public\u00f3 en diciembre de ese a\u00f1o; el mural colectivo COVID-19, ubicado en la barda perimetral de la ENEO; y el mural monumental ENEO, \u2018Vocaci\u00f3n por la vida\u2019, que se inaugur\u00f3 el 4 de junio de 2021. Los tres proyectos contaron con el apoyo del Rector de la UNAM, Dr. Enrique Graue Wiechers, sin cuyo aliento no habr\u00edan sido<\/p>\n","protected":false},"author":2,"featured_media":0,"parent":0,"menu_order":0,"comment_status":"closed","ping_status":"closed","template":"page-one-column.php","meta":{"footnotes":""},"class_list":["post-7054","page","type-page","status-publish","hentry"],"_links":{"self":[{"href":"https:\/\/revista925taxco.fad.unam.mx\/index.php\/wp-json\/wp\/v2\/pages\/7054","targetHints":{"allow":["GET"]}}],"collection":[{"href":"https:\/\/revista925taxco.fad.unam.mx\/index.php\/wp-json\/wp\/v2\/pages"}],"about":[{"href":"https:\/\/revista925taxco.fad.unam.mx\/index.php\/wp-json\/wp\/v2\/types\/page"}],"author":[{"embeddable":true,"href":"https:\/\/revista925taxco.fad.unam.mx\/index.php\/wp-json\/wp\/v2\/users\/2"}],"replies":[{"embeddable":true,"href":"https:\/\/revista925taxco.fad.unam.mx\/index.php\/wp-json\/wp\/v2\/comments?post=7054"}],"version-history":[{"count":18,"href":"https:\/\/revista925taxco.fad.unam.mx\/index.php\/wp-json\/wp\/v2\/pages\/7054\/revisions"}],"predecessor-version":[{"id":7197,"href":"https:\/\/revista925taxco.fad.unam.mx\/index.php\/wp-json\/wp\/v2\/pages\/7054\/revisions\/7197"}],"wp:attachment":[{"href":"https:\/\/revista925taxco.fad.unam.mx\/index.php\/wp-json\/wp\/v2\/media?parent=7054"}],"curies":[{"name":"wp","href":"https:\/\/api.w.org\/{rel}","templated":true}]}}