{"id":4135,"date":"2018-08-17T11:12:42","date_gmt":"2018-08-17T17:12:42","guid":{"rendered":"https:\/\/revista925taxco.fad.unam.mx?page_id=4135"},"modified":"2024-05-31T12:33:27","modified_gmt":"2024-05-31T18:33:27","slug":"la-durmiente","status":"publish","type":"page","link":"https:\/\/revista925taxco.fad.unam.mx\/index.php\/la-durmiente\/","title":{"rendered":"La Durmiente"},"content":{"rendered":"<h1 style=\"padding-left: 30px;\"><span style=\"color: #808080;\">Agosto de 2018<\/span><\/h1>\n<p><strong>En la b\u00fasqueda de la identidad como inmigrante china en M\u00e9xico,<\/strong> la artista encontr\u00f3 su relaci\u00f3n con su origen a trav\u00e9s de representar la relaci\u00f3n con su familia, sobre todo la de madre e hija. La ausencia de Sun durante acontecimientos tan importantes como la muerte de su abuela y el envejecimiento de su madre le hizo reflexionar sobre la tierra, el origen, la muerte y la resurrecci\u00f3n como ciclo vital. La artista explor\u00f3 este tema corporalmente a trav\u00e9s de enterrarse en la postura de dormir de su madre con la finalidad de recuperar su ausencia en su familia, conectar el presente con el pasado y revivir la muerte penetrando la p\u00e9rdida. Se observa una resonancia de la obra <em>Sleeper<\/em> de Paula Rego y una serie de retratos de la Madre del Artista de Lucian Freud. Asimismo la interpretaci\u00f3n mitol\u00f3gica del cuento de hadas, la Bella Durmiente, proporciona una visi\u00f3n m\u00e1s profunda sobre el entendimiento de la muerte y la resurrecci\u00f3n. La artista juega con dos tintas representativas de China y M\u00e9xico, la tinta china y la de grana cochinilla, y aprovecha sus caracter\u00edsticas para estudiar la liquidez de la identidad de los inmigrantes. La serie consiste en 6 dibujos secuenciales que van de lo n\u00edtido a lo difuminado y disuelto.<\/p>\n<p style=\"padding-left: 30px;\"><span style=\"color: #800000;\"><strong>Lili Sun Gao<\/strong><\/span><\/p>\n<div  id=\"jtg-10289\" class=\"modula modula-gallery modula-custom-grid\" data-config=\"{&quot;height&quot;:800,&quot;tabletHeight&quot;:800,&quot;mobileHeight&quot;:800,&quot;desktopHeight&quot;:800,&quot;enableTwitter&quot;:false,&quot;enableWhatsapp&quot;:false,&quot;enableFacebook&quot;:false,&quot;enablePinterest&quot;:false,&quot;enableLinkedin&quot;:false,&quot;enableEmail&quot;:false,&quot;randomFactor&quot;:0.5,&quot;type&quot;:&quot;custom-grid&quot;,&quot;columns&quot;:12,&quot;gutter&quot;:10,&quot;mobileGutter&quot;:10,&quot;tabletGutter&quot;:10,&quot;desktopGutter&quot;:10,&quot;enableResponsive&quot;:true,&quot;tabletColumns&quot;:4,&quot;mobileColumns&quot;:2,&quot;lazyLoad&quot;:0,&quot;lightboxOpts&quot;:{&quot;animated&quot;:true,&quot;Thumbs&quot;:{&quot;type&quot;:&quot;modern&quot;,&quot;showOnStart&quot;:false},&quot;Toolbar&quot;:{&quot;display&quot;:{&quot;right&quot;:[&quot;close&quot;]},&quot;enabled&quot;:true},&quot;Carousel&quot;:{&quot;Panzoom&quot;:{&quot;touch&quot;:true},&quot;infinite&quot;:false},&quot;keyboard&quot;:{&quot;Escape&quot;:&quot;close&quot;,&quot;Delete&quot;:&quot;close&quot;,&quot;Backspace&quot;:&quot;close&quot;,&quot;PageUp&quot;:false,&quot;PageDown&quot;:false,&quot;ArrowUp&quot;:false,&quot;ArrowDown&quot;:false,&quot;ArrowRight&quot;:false,&quot;ArrowLeft&quot;:false},&quot;touch&quot;:false,&quot;backdropClick&quot;:false,&quot;l10n&quot;:{&quot;CLOSE&quot;:&quot;Cerrar&quot;,&quot;NEXT&quot;:&quot;Siguiente&quot;,&quot;PREV&quot;:&quot;Anterior&quot;,&quot;Error&quot;:&quot;No se ha podido cargar el contenido solicitado. Por favor, int\\u00e9ntalo de nuevo m\\u00e1s tarde.&quot;,&quot;PLAY_START&quot;:&quot;Empezar la presentaci\\u00f3n&quot;,&quot;PLAY_STOP&quot;:&quot;Pausar la presentaci\\u00f3n&quot;,&quot;FULL_SCREEN&quot;:&quot;Pantalla completa&quot;,&quot;THUMBS&quot;:&quot;Miniaturas&quot;,&quot;DOWNLOAD&quot;:&quot;Descargar&quot;,&quot;SHARE&quot;:&quot;Compartir&quot;,&quot;ZOOM&quot;:&quot;Zoom&quot;,&quot;EMAIL&quot;:&quot;Here is the link to the image : %%image_link%% and this is the link to the gallery : %%gallery_link%%&quot;,&quot;MODAL&quot;:&quot;Puedes cerrar este contenido emergente con la tecla ESC&quot;,&quot;ERROR&quot;:&quot;Algo ha ido mal, pro favor, prueba de nuevo m\\u00e1s tarde&quot;,&quot;IMAGE_ERROR&quot;:&quot;Imagen no encontrada&quot;,&quot;ELEMENT_NOT_FOUND&quot;:&quot;No se ha encontrado el elemento HTML&quot;,&quot;AJAX_NOT_FOUND&quot;:&quot;Error al cargar AJAX: No encontrado&quot;,&quot;AJAX_FORBIDDEN&quot;:&quot;Error al cargar AJAX: Prohibido&quot;,&quot;IFRAME_ERROR&quot;:&quot;Error al cargar la p\\u00e1gina&quot;,&quot;TOGGLE_ZOOM&quot;:&quot;Alternar nivel de ampliar\\\/acercar&quot;,&quot;TOGGLE_THUMBS&quot;:&quot;Alternar miniaturas&quot;,&quot;TOGGLE_SLIDESHOW&quot;:&quot;Alternar diapositiva&quot;,&quot;TOGGLE_FULLSCREEN&quot;:&quot;Cambiar al modo de pantalla completa&quot;},&quot;Images&quot;:{&quot;Panzoom&quot;:{&quot;maxScale&quot;:2}},&quot;mainClass&quot;:&quot;modula-fancybox-container modula-lightbox-jtg-10289&quot;,&quot;Html&quot;:{&quot;videoAutoplay&quot;:0,&quot;videoTpl&quot;:&quot;&lt;video class=\\&quot;fancybox__html5video\\&quot; controls muted playsinline controlsList controlsList=\\&quot;nodownload\\&quot; poster=\\&quot;{{poster}}\\&quot; src=\\&quot;{{src}}\\&quot; type=\\&quot;{{format}}\\&quot; &gt;  Sorry, your browser doesn&#039;t support embedded videos, &lt;a href=\\&quot;{{src}}\\&quot;&gt; download &lt;\\\/a&gt; and watch with your favorite video player! &lt;\\\/video&gt;&quot;}},&quot;inView&quot;:false,&quot;email_subject&quot;:&quot;Check out this awesome image !!&quot;,&quot;email_message&quot;:&quot;Here is the link to the image : %%image_link%% and this is the link to the gallery : %%gallery_link%%&quot;,&quot;lightbox&quot;:&quot;fancybox&quot;}\">\n\n\t\n\t<div  class=\"modula-items\">\n\t\t<div class=\"modula-item\" data-width=\"4\" data-height=\"3\" >\n\t<div class=\"modula-item-content\">\n\t\t\n\t\t\t\t\t<a data-image-id=\"4154\" role=\"button\" data-elementor-open-lightbox=\"no\" tabindex=\"0\" rel=\"jtg-10289\" data-caption=\"\" aria-label=\"Abrir la imagen en una caja de luz\" class=\"tile-inner modula-item-link\"><\/a>\n\t\t\n\t\t<img fetchpriority=\"high\" decoding=\"async\" class=\"pic wp-image-4154\"  data-valign=\"middle\" data-halign=\"center\" alt=\"\" data-full=\"https:\/\/revista925taxco.fad.unam.mx\/wp-content\/uploads\/2018\/08\/la-durmiente-6.jpg\" title=\"la-durmiente-6\" crop=\"\" width=\"198\" height=\"300\" src=\"https:\/\/revista925taxco.fad.unam.mx\/wp-content\/uploads\/2018\/08\/la-durmiente-6-198x300.jpg\" data-src=\"https:\/\/revista925taxco.fad.unam.mx\/wp-content\/uploads\/2018\/08\/la-durmiente-6-198x300.jpg\" data-caption=\"\" srcset=\"https:\/\/revista925taxco.fad.unam.mx\/wp-content\/uploads\/2018\/08\/la-durmiente-6.jpg 781w, https:\/\/revista925taxco.fad.unam.mx\/wp-content\/uploads\/2018\/08\/la-durmiente-6-198x300.jpg 198w, https:\/\/revista925taxco.fad.unam.mx\/wp-content\/uploads\/2018\/08\/la-durmiente-6-677x1024.jpg 677w, https:\/\/revista925taxco.fad.unam.mx\/wp-content\/uploads\/2018\/08\/la-durmiente-6-480x726.jpg 480w, https:\/\/revista925taxco.fad.unam.mx\/wp-content\/uploads\/2018\/08\/la-durmiente-6-331x500.jpg 331w\" sizes=\"(max-width: 198px) 100vw, 198px\" \/>\n\t<\/div>\n\n<\/div><div class=\"modula-item\" data-width=\"5\" data-height=\"2\" >\n\t<div class=\"modula-item-content\">\n\t\t\n\t\t\t\t\t<a data-image-id=\"4153\" role=\"button\" data-elementor-open-lightbox=\"no\" tabindex=\"0\" rel=\"jtg-10289\" data-caption=\"\" aria-label=\"Abrir la imagen en una caja de luz\" class=\"tile-inner modula-item-link\"><\/a>\n\t\t\n\t\t<img decoding=\"async\" class=\"pic wp-image-4153\"  data-valign=\"middle\" data-halign=\"center\" alt=\"\" data-full=\"https:\/\/revista925taxco.fad.unam.mx\/wp-content\/uploads\/2018\/08\/la-durmiente-5.jpg\" title=\"la-durmiente-5\" crop=\"\" width=\"197\" height=\"300\" src=\"https:\/\/revista925taxco.fad.unam.mx\/wp-content\/uploads\/2018\/08\/la-durmiente-5-197x300.jpg\" data-src=\"https:\/\/revista925taxco.fad.unam.mx\/wp-content\/uploads\/2018\/08\/la-durmiente-5-197x300.jpg\" data-caption=\"\" srcset=\"https:\/\/revista925taxco.fad.unam.mx\/wp-content\/uploads\/2018\/08\/la-durmiente-5.jpg 774w, https:\/\/revista925taxco.fad.unam.mx\/wp-content\/uploads\/2018\/08\/la-durmiente-5-197x300.jpg 197w, https:\/\/revista925taxco.fad.unam.mx\/wp-content\/uploads\/2018\/08\/la-durmiente-5-671x1024.jpg 671w, https:\/\/revista925taxco.fad.unam.mx\/wp-content\/uploads\/2018\/08\/la-durmiente-5-480x732.jpg 480w, https:\/\/revista925taxco.fad.unam.mx\/wp-content\/uploads\/2018\/08\/la-durmiente-5-328x500.jpg 328w\" sizes=\"(max-width: 197px) 100vw, 197px\" \/>\n\t<\/div>\n\n<\/div><div class=\"modula-item\" data-width=\"3\" data-height=\"5\" >\n\t<div class=\"modula-item-content\">\n\t\t\n\t\t\t\t\t<a data-image-id=\"4152\" role=\"button\" data-elementor-open-lightbox=\"no\" tabindex=\"0\" rel=\"jtg-10289\" data-caption=\"\" aria-label=\"Abrir la imagen en una caja de luz\" class=\"tile-inner modula-item-link\"><\/a>\n\t\t\n\t\t<img decoding=\"async\" class=\"pic wp-image-4152\"  data-valign=\"middle\" data-halign=\"center\" alt=\"\" data-full=\"https:\/\/revista925taxco.fad.unam.mx\/wp-content\/uploads\/2018\/08\/la-durmiente-4.jpg\" title=\"la-durmiente-4\" crop=\"\" width=\"201\" height=\"300\" src=\"https:\/\/revista925taxco.fad.unam.mx\/wp-content\/uploads\/2018\/08\/la-durmiente-4-201x300.jpg\" data-src=\"https:\/\/revista925taxco.fad.unam.mx\/wp-content\/uploads\/2018\/08\/la-durmiente-4-201x300.jpg\" data-caption=\"\" srcset=\"https:\/\/revista925taxco.fad.unam.mx\/wp-content\/uploads\/2018\/08\/la-durmiente-4.jpg 791w, https:\/\/revista925taxco.fad.unam.mx\/wp-content\/uploads\/2018\/08\/la-durmiente-4-201x300.jpg 201w, https:\/\/revista925taxco.fad.unam.mx\/wp-content\/uploads\/2018\/08\/la-durmiente-4-686x1024.jpg 686w, https:\/\/revista925taxco.fad.unam.mx\/wp-content\/uploads\/2018\/08\/la-durmiente-4-480x717.jpg 480w, https:\/\/revista925taxco.fad.unam.mx\/wp-content\/uploads\/2018\/08\/la-durmiente-4-335x500.jpg 335w\" sizes=\"(max-width: 201px) 100vw, 201px\" \/>\n\t<\/div>\n\n<\/div><div class=\"modula-item\" data-width=\"2\" data-height=\"3\" >\n\t<div class=\"modula-item-content\">\n\t\t\n\t\t\t\t\t<a data-image-id=\"4151\" role=\"button\" data-elementor-open-lightbox=\"no\" tabindex=\"0\" rel=\"jtg-10289\" data-caption=\"\" aria-label=\"Abrir la imagen en una caja de luz\" class=\"tile-inner modula-item-link\"><\/a>\n\t\t\n\t\t<img loading=\"lazy\" decoding=\"async\" class=\"pic wp-image-4151\"  data-valign=\"middle\" data-halign=\"center\" alt=\"\" data-full=\"https:\/\/revista925taxco.fad.unam.mx\/wp-content\/uploads\/2018\/08\/la-durmiente-3.jpg\" title=\"la-durmiente-3\" crop=\"\" width=\"300\" height=\"200\" src=\"https:\/\/revista925taxco.fad.unam.mx\/wp-content\/uploads\/2018\/08\/la-durmiente-3-300x200.jpg\" data-src=\"https:\/\/revista925taxco.fad.unam.mx\/wp-content\/uploads\/2018\/08\/la-durmiente-3-300x200.jpg\" data-caption=\"\" srcset=\"https:\/\/revista925taxco.fad.unam.mx\/wp-content\/uploads\/2018\/08\/la-durmiente-3.jpg 1774w, https:\/\/revista925taxco.fad.unam.mx\/wp-content\/uploads\/2018\/08\/la-durmiente-3-300x200.jpg 300w, https:\/\/revista925taxco.fad.unam.mx\/wp-content\/uploads\/2018\/08\/la-durmiente-3-1024x682.jpg 1024w, https:\/\/revista925taxco.fad.unam.mx\/wp-content\/uploads\/2018\/08\/la-durmiente-3-480x320.jpg 480w, https:\/\/revista925taxco.fad.unam.mx\/wp-content\/uploads\/2018\/08\/la-durmiente-3-751x500.jpg 751w, https:\/\/revista925taxco.fad.unam.mx\/wp-content\/uploads\/2018\/08\/la-durmiente-3-120x80.jpg 120w\" sizes=\"(max-width: 300px) 100vw, 300px\" \/>\n\t<\/div>\n\n<\/div><div class=\"modula-item\" data-width=\"3\" data-height=\"3\" >\n\t<div class=\"modula-item-content\">\n\t\t\n\t\t\t\t\t<a data-image-id=\"4150\" role=\"button\" data-elementor-open-lightbox=\"no\" tabindex=\"0\" rel=\"jtg-10289\" data-caption=\"\" aria-label=\"Abrir la imagen en una caja de luz\" class=\"tile-inner modula-item-link\"><\/a>\n\t\t\n\t\t<img loading=\"lazy\" decoding=\"async\" class=\"pic wp-image-4150\"  data-valign=\"middle\" data-halign=\"center\" alt=\"\" data-full=\"https:\/\/revista925taxco.fad.unam.mx\/wp-content\/uploads\/2018\/08\/la-durmiente-2.jpg\" title=\"la-durmiente-2\" crop=\"\" width=\"204\" height=\"300\" src=\"https:\/\/revista925taxco.fad.unam.mx\/wp-content\/uploads\/2018\/08\/la-durmiente-2-204x300.jpg\" data-src=\"https:\/\/revista925taxco.fad.unam.mx\/wp-content\/uploads\/2018\/08\/la-durmiente-2-204x300.jpg\" data-caption=\"\" srcset=\"https:\/\/revista925taxco.fad.unam.mx\/wp-content\/uploads\/2018\/08\/la-durmiente-2.jpg 804w, https:\/\/revista925taxco.fad.unam.mx\/wp-content\/uploads\/2018\/08\/la-durmiente-2-204x300.jpg 204w, https:\/\/revista925taxco.fad.unam.mx\/wp-content\/uploads\/2018\/08\/la-durmiente-2-697x1024.jpg 697w, https:\/\/revista925taxco.fad.unam.mx\/wp-content\/uploads\/2018\/08\/la-durmiente-2-480x705.jpg 480w, https:\/\/revista925taxco.fad.unam.mx\/wp-content\/uploads\/2018\/08\/la-durmiente-2-340x500.jpg 340w\" sizes=\"(max-width: 204px) 100vw, 204px\" \/>\n\t<\/div>\n\n<\/div><div class=\"modula-item\" data-width=\"4\" data-height=\"2\" >\n\t<div class=\"modula-item-content\">\n\t\t\n\t\t\t\t\t<a data-image-id=\"4149\" role=\"button\" data-elementor-open-lightbox=\"no\" tabindex=\"0\" rel=\"jtg-10289\" data-caption=\"\" aria-label=\"Abrir la imagen en una caja de luz\" class=\"tile-inner modula-item-link\"><\/a>\n\t\t\n\t\t<img loading=\"lazy\" decoding=\"async\" class=\"pic wp-image-4149\"  data-valign=\"middle\" data-halign=\"center\" alt=\"\" data-full=\"https:\/\/revista925taxco.fad.unam.mx\/wp-content\/uploads\/2018\/08\/la-durmiente-1.jpg\" title=\"la-durmiente-1\" crop=\"\" width=\"197\" height=\"300\" src=\"https:\/\/revista925taxco.fad.unam.mx\/wp-content\/uploads\/2018\/08\/la-durmiente-1-197x300.jpg\" data-src=\"https:\/\/revista925taxco.fad.unam.mx\/wp-content\/uploads\/2018\/08\/la-durmiente-1-197x300.jpg\" data-caption=\"\" srcset=\"https:\/\/revista925taxco.fad.unam.mx\/wp-content\/uploads\/2018\/08\/la-durmiente-1.jpg 777w, https:\/\/revista925taxco.fad.unam.mx\/wp-content\/uploads\/2018\/08\/la-durmiente-1-197x300.jpg 197w, https:\/\/revista925taxco.fad.unam.mx\/wp-content\/uploads\/2018\/08\/la-durmiente-1-674x1024.jpg 674w, https:\/\/revista925taxco.fad.unam.mx\/wp-content\/uploads\/2018\/08\/la-durmiente-1-480x730.jpg 480w, https:\/\/revista925taxco.fad.unam.mx\/wp-content\/uploads\/2018\/08\/la-durmiente-1-329x500.jpg 329w\" sizes=\"(max-width: 197px) 100vw, 197px\" \/>\n\t<\/div>\n\n<\/div>\t\t\n\t<\/div>\n\n\t\n\t\n\t<script type=\"application\/ld+json\">\n\t{\n\t\t\"@context\": \"https:\/\/schema.org\",\n\t\t\"@type\"   : \"ImageGallery\",\n\t\t\"id\"      : \"https:\/\/revista925taxco.fad.unam.mx\/index.php\/la-durmiente\/#modula-gallery-10289\",\n\t\t\"url\"     : \"https:\/\/revista925taxco.fad.unam.mx\/index.php\/la-durmiente\/\"\n\t}\n\n\t<\/script>\n\n\t\n<\/div>\n\n<hr \/>\n<h5 style=\"text-align: left; padding-left: 30px;\"><span class=\"_pe_S2 PersonaPaneLauncher lpc-hoverTarget\" style=\"color: #800000;\" tabindex=\"0\"><span class=\"_pe_l\"><span class=\"bidi allowTextSelection\">Contacto: lilisun.gao@gmail.com<\/span><\/span><\/span><\/h5>\n<h5 style=\"padding-left: 30px;\"><span style=\"color: #800000;\"><a href=\"https:\/\/www.facebook.com\/Artista-china-dibujo-y-pintura-1970204769889684\/\">https:\/\/www.facebook.com\/Artista-china-dibujo-y-pintura-1970204769889684\/<\/a><\/span><\/h5>\n","protected":false},"excerpt":{"rendered":"<p>Agosto de 2018 En la b\u00fasqueda de la identidad como inmigrante china en M\u00e9xico, la artista encontr\u00f3 su relaci\u00f3n con su origen a trav\u00e9s de representar la relaci\u00f3n con su familia, sobre todo la de madre e hija. La ausencia de Sun durante acontecimientos tan importantes como la muerte de su abuela y el envejecimiento de su madre le hizo reflexionar sobre la tierra, el origen, la muerte y la resurrecci\u00f3n como ciclo vital. La artista explor\u00f3 este tema corporalmente a trav\u00e9s de enterrarse en la postura de dormir de su madre con la finalidad de recuperar su ausencia en<\/p>\n","protected":false},"author":2,"featured_media":0,"parent":0,"menu_order":0,"comment_status":"open","ping_status":"closed","template":"","meta":{"footnotes":""},"class_list":["post-4135","page","type-page","status-publish","hentry"],"_links":{"self":[{"href":"https:\/\/revista925taxco.fad.unam.mx\/index.php\/wp-json\/wp\/v2\/pages\/4135","targetHints":{"allow":["GET"]}}],"collection":[{"href":"https:\/\/revista925taxco.fad.unam.mx\/index.php\/wp-json\/wp\/v2\/pages"}],"about":[{"href":"https:\/\/revista925taxco.fad.unam.mx\/index.php\/wp-json\/wp\/v2\/types\/page"}],"author":[{"embeddable":true,"href":"https:\/\/revista925taxco.fad.unam.mx\/index.php\/wp-json\/wp\/v2\/users\/2"}],"replies":[{"embeddable":true,"href":"https:\/\/revista925taxco.fad.unam.mx\/index.php\/wp-json\/wp\/v2\/comments?post=4135"}],"version-history":[{"count":9,"href":"https:\/\/revista925taxco.fad.unam.mx\/index.php\/wp-json\/wp\/v2\/pages\/4135\/revisions"}],"predecessor-version":[{"id":10292,"href":"https:\/\/revista925taxco.fad.unam.mx\/index.php\/wp-json\/wp\/v2\/pages\/4135\/revisions\/10292"}],"wp:attachment":[{"href":"https:\/\/revista925taxco.fad.unam.mx\/index.php\/wp-json\/wp\/v2\/media?parent=4135"}],"curies":[{"name":"wp","href":"https:\/\/api.w.org\/{rel}","templated":true}]}}