{"id":2161,"date":"2017-02-20T17:15:38","date_gmt":"2017-02-20T23:15:38","guid":{"rendered":"https:\/\/revista925taxco.fad.unam.mx?page_id=2161"},"modified":"2024-05-31T12:56:44","modified_gmt":"2024-05-31T18:56:44","slug":"sin-titulo","status":"publish","type":"page","link":"https:\/\/revista925taxco.fad.unam.mx\/index.php\/sin-titulo\/","title":{"rendered":"Sin T\u00edtulo"},"content":{"rendered":"<h1 style=\"padding-left: 30px;\"><span style=\"color: #808080;\">Febrero de 2017<\/span><\/h1>\n<blockquote>\n<p style=\"text-align: left; padding-left: 30px;\"><span style=\"color: #000080;\">-T\u00fa- pronunci\u00f3 hacia la mitad del invierno<br \/>\n-T\u00fa- dijo, se\u00f1al\u00e1ndose el estern\u00f3n.<br \/>\n-T\u00fa- susurr\u00f3-. T\u00fa.<br \/>\nLa respiraci\u00f3n.<br \/>\nTodav\u00eda era el d\u00eda n.\u00ba 38.<\/span><\/p>\n<p style=\"text-align: left; padding-left: 30px;\"><span style=\"color: #000080;\">Cristina Rivera Garza<\/span><\/p>\n<\/blockquote>\n<p><span style=\"color: #808080;\">Una reflexi\u00f3n po\u00e9tica sobre el quehacer del arte, que describe el proceso de producci\u00f3n que instiga a la investigaci\u00f3n para respuestas filos\u00f3ficas y po\u00e9ticas, sobre todo para la creaci\u00f3n de las obras. Algo por descubrir en el transcurso de la creaci\u00f3n que debe ser justificado con palabras. La tensi\u00f3n entre imaginar y concebir\u2026<\/span><\/p>\n<p style=\"text-align: left;\"><span style=\"color: #808080;\">Las pr\u00e1cticas creativas est\u00e1n ante una disposici\u00f3n p\u00fablico\/privado como lo declara Leonor Arfuch, son experiencias m\u00edsticas tendientes de la salvaci\u00f3n. Dicha b\u00fasqueda de experiencias sobre la cultura de la herida y el borde del caos, la cat\u00e1strofe como un atolladero definitivo, un transcurso extra\u00f1o que se experimenta frente a la situaci\u00f3n amorosa, el deseo y la deconstrucci\u00f3n del sujeto: vivificar el arte, en la alegr\u00eda y el amor a lo real seg\u00fan Deleuze. El caos del sujeto y el cuerpo provocan un reajuste de la capacidad de retorcer la mirada creadora, flexionar lo normativo impuesto a trav\u00e9s de discursos performativos del sujeto.<\/span><\/p>\n<p style=\"text-align: left;\"><span style=\"color: #808080;\">Explotar el cuerpo, un sentido po\u00e9tico en lugares y tiempos convenientes para remover y respirar, provocar las afecciones, las emociones, padecimientos de la melancol\u00eda, s\u00edntomas que evocan, inducen alteraciones para reinterpretar al sujeto en relatos; que son las im\u00e1genes y otros instrumentos que se construyen a lo largo de la producci\u00f3n.<\/span><\/p>\n<p style=\"text-align: left;\"><span style=\"color: #808080;\">Durante el proceso de producci\u00f3n el cuerpo se presenta como un lenguaje des-bordado, un sujeto que puede ser \u00e9l u otros, ruinas, fantasmas visiones complicadas y distorsionadas obsesionadas en la contemplaci\u00f3n propia, descriptivas y ego\u00edstas. Un quehacer pl\u00e1stico apoyado en din\u00e1micas cargadas de procesos emocionales de un sujeto descompuesto: amor.<\/span><\/p>\n<h3 style=\"text-align: left;\"><div  id=\"jtg-10298\" class=\"modula modula-gallery modula-custom-grid\" data-config=\"{&quot;height&quot;:800,&quot;tabletHeight&quot;:800,&quot;mobileHeight&quot;:800,&quot;desktopHeight&quot;:800,&quot;enableTwitter&quot;:false,&quot;enableWhatsapp&quot;:false,&quot;enableFacebook&quot;:false,&quot;enablePinterest&quot;:false,&quot;enableLinkedin&quot;:false,&quot;enableEmail&quot;:false,&quot;randomFactor&quot;:0.5,&quot;type&quot;:&quot;custom-grid&quot;,&quot;columns&quot;:12,&quot;gutter&quot;:10,&quot;mobileGutter&quot;:10,&quot;tabletGutter&quot;:10,&quot;desktopGutter&quot;:10,&quot;enableResponsive&quot;:true,&quot;tabletColumns&quot;:4,&quot;mobileColumns&quot;:2,&quot;lazyLoad&quot;:0,&quot;lightboxOpts&quot;:{&quot;animated&quot;:true,&quot;Thumbs&quot;:{&quot;type&quot;:&quot;modern&quot;,&quot;showOnStart&quot;:false},&quot;Toolbar&quot;:{&quot;display&quot;:{&quot;right&quot;:[&quot;close&quot;]},&quot;enabled&quot;:true},&quot;Carousel&quot;:{&quot;Panzoom&quot;:{&quot;touch&quot;:true},&quot;infinite&quot;:false},&quot;keyboard&quot;:{&quot;Escape&quot;:&quot;close&quot;,&quot;Delete&quot;:&quot;close&quot;,&quot;Backspace&quot;:&quot;close&quot;,&quot;PageUp&quot;:false,&quot;PageDown&quot;:false,&quot;ArrowUp&quot;:false,&quot;ArrowDown&quot;:false,&quot;ArrowRight&quot;:false,&quot;ArrowLeft&quot;:false},&quot;touch&quot;:false,&quot;backdropClick&quot;:false,&quot;l10n&quot;:{&quot;CLOSE&quot;:&quot;Cerrar&quot;,&quot;NEXT&quot;:&quot;Siguiente&quot;,&quot;PREV&quot;:&quot;Anterior&quot;,&quot;Error&quot;:&quot;No se ha podido cargar el contenido solicitado. Por favor, int\\u00e9ntalo de nuevo m\\u00e1s tarde.&quot;,&quot;PLAY_START&quot;:&quot;Empezar la presentaci\\u00f3n&quot;,&quot;PLAY_STOP&quot;:&quot;Pausar la presentaci\\u00f3n&quot;,&quot;FULL_SCREEN&quot;:&quot;Pantalla completa&quot;,&quot;THUMBS&quot;:&quot;Miniaturas&quot;,&quot;DOWNLOAD&quot;:&quot;Descargar&quot;,&quot;SHARE&quot;:&quot;Compartir&quot;,&quot;ZOOM&quot;:&quot;Zoom&quot;,&quot;EMAIL&quot;:&quot;Here is the link to the image : %%image_link%% and this is the link to the gallery : %%gallery_link%%&quot;,&quot;MODAL&quot;:&quot;Puedes cerrar este contenido emergente con la tecla ESC&quot;,&quot;ERROR&quot;:&quot;Algo ha ido mal, pro favor, prueba de nuevo m\\u00e1s tarde&quot;,&quot;IMAGE_ERROR&quot;:&quot;Imagen no encontrada&quot;,&quot;ELEMENT_NOT_FOUND&quot;:&quot;No se ha encontrado el elemento HTML&quot;,&quot;AJAX_NOT_FOUND&quot;:&quot;Error al cargar AJAX: No encontrado&quot;,&quot;AJAX_FORBIDDEN&quot;:&quot;Error al cargar AJAX: Prohibido&quot;,&quot;IFRAME_ERROR&quot;:&quot;Error al cargar la p\\u00e1gina&quot;,&quot;TOGGLE_ZOOM&quot;:&quot;Alternar nivel de ampliar\\\/acercar&quot;,&quot;TOGGLE_THUMBS&quot;:&quot;Alternar miniaturas&quot;,&quot;TOGGLE_SLIDESHOW&quot;:&quot;Alternar diapositiva&quot;,&quot;TOGGLE_FULLSCREEN&quot;:&quot;Cambiar al modo de pantalla completa&quot;},&quot;Images&quot;:{&quot;Panzoom&quot;:{&quot;maxScale&quot;:2}},&quot;mainClass&quot;:&quot;modula-fancybox-container modula-lightbox-jtg-10298&quot;,&quot;Html&quot;:{&quot;videoAutoplay&quot;:0,&quot;videoTpl&quot;:&quot;&lt;video class=\\&quot;fancybox__html5video\\&quot; controls muted playsinline controlsList controlsList=\\&quot;nodownload\\&quot; poster=\\&quot;{{poster}}\\&quot; src=\\&quot;{{src}}\\&quot; type=\\&quot;{{format}}\\&quot; &gt;  Sorry, your browser doesn&#039;t support embedded videos, &lt;a href=\\&quot;{{src}}\\&quot;&gt; download &lt;\\\/a&gt; and watch with your favorite video player! &lt;\\\/video&gt;&quot;}},&quot;inView&quot;:false,&quot;email_subject&quot;:&quot;Check out this awesome image !!&quot;,&quot;email_message&quot;:&quot;Here is the link to the image : %%image_link%% and this is the link to the gallery : %%gallery_link%%&quot;,&quot;lightbox&quot;:&quot;fancybox&quot;}\">\n\n\t\n\t<div  class=\"modula-items\">\n\t\t<div class=\"modula-item\" data-width=\"2\" data-height=\"3\" >\n\t<div class=\"modula-item-content\">\n\t\t\n\t\t\t\t\t<a data-image-id=\"2180\" role=\"button\" data-elementor-open-lightbox=\"no\" tabindex=\"0\" rel=\"jtg-10298\" data-caption=\"\" aria-label=\"Abrir la imagen en una caja de luz\" class=\"tile-inner modula-item-link\"><\/a>\n\t\t\n\t\t<img fetchpriority=\"high\" decoding=\"async\" class=\"pic wp-image-2180\"  data-valign=\"middle\" data-halign=\"center\" alt=\"\" data-full=\"https:\/\/revista925taxco.fad.unam.mx\/wp-content\/uploads\/2017\/02\/09elizabeth.jpg\" title=\"09elizabeth\" crop=\"\" width=\"300\" height=\"200\" src=\"https:\/\/revista925taxco.fad.unam.mx\/wp-content\/uploads\/2017\/02\/09elizabeth-300x200.jpg\" data-src=\"https:\/\/revista925taxco.fad.unam.mx\/wp-content\/uploads\/2017\/02\/09elizabeth-300x200.jpg\" data-caption=\"\" srcset=\"https:\/\/revista925taxco.fad.unam.mx\/wp-content\/uploads\/2017\/02\/09elizabeth.jpg 1418w, https:\/\/revista925taxco.fad.unam.mx\/wp-content\/uploads\/2017\/02\/09elizabeth-300x200.jpg 300w, https:\/\/revista925taxco.fad.unam.mx\/wp-content\/uploads\/2017\/02\/09elizabeth-1024x683.jpg 1024w, https:\/\/revista925taxco.fad.unam.mx\/wp-content\/uploads\/2017\/02\/09elizabeth-480x320.jpg 480w, https:\/\/revista925taxco.fad.unam.mx\/wp-content\/uploads\/2017\/02\/09elizabeth-749x500.jpg 749w, https:\/\/revista925taxco.fad.unam.mx\/wp-content\/uploads\/2017\/02\/09elizabeth-120x80.jpg 120w\" sizes=\"(max-width: 300px) 100vw, 300px\" \/>\n\t<\/div>\n\n<\/div><div class=\"modula-item\" data-width=\"3\" data-height=\"3\" >\n\t<div class=\"modula-item-content\">\n\t\t\n\t\t\t\t\t<a data-image-id=\"2179\" role=\"button\" data-elementor-open-lightbox=\"no\" tabindex=\"0\" rel=\"jtg-10298\" data-caption=\"\" aria-label=\"Abrir la imagen en una caja de luz\" class=\"tile-inner modula-item-link\"><\/a>\n\t\t\n\t\t<img decoding=\"async\" class=\"pic wp-image-2179\"  data-valign=\"middle\" data-halign=\"center\" alt=\"\" data-full=\"https:\/\/revista925taxco.fad.unam.mx\/wp-content\/uploads\/2017\/02\/08elizabeth.jpg\" title=\"08elizabeth\" crop=\"\" width=\"300\" height=\"200\" src=\"https:\/\/revista925taxco.fad.unam.mx\/wp-content\/uploads\/2017\/02\/08elizabeth-300x200.jpg\" data-src=\"https:\/\/revista925taxco.fad.unam.mx\/wp-content\/uploads\/2017\/02\/08elizabeth-300x200.jpg\" data-caption=\"\" srcset=\"https:\/\/revista925taxco.fad.unam.mx\/wp-content\/uploads\/2017\/02\/08elizabeth.jpg 1393w, https:\/\/revista925taxco.fad.unam.mx\/wp-content\/uploads\/2017\/02\/08elizabeth-300x200.jpg 300w, https:\/\/revista925taxco.fad.unam.mx\/wp-content\/uploads\/2017\/02\/08elizabeth-1024x683.jpg 1024w, https:\/\/revista925taxco.fad.unam.mx\/wp-content\/uploads\/2017\/02\/08elizabeth-480x320.jpg 480w, https:\/\/revista925taxco.fad.unam.mx\/wp-content\/uploads\/2017\/02\/08elizabeth-750x500.jpg 750w, https:\/\/revista925taxco.fad.unam.mx\/wp-content\/uploads\/2017\/02\/08elizabeth-120x80.jpg 120w\" sizes=\"(max-width: 300px) 100vw, 300px\" \/>\n\t<\/div>\n\n<\/div><div class=\"modula-item\" data-width=\"4\" data-height=\"2\" >\n\t<div class=\"modula-item-content\">\n\t\t\n\t\t\t\t\t<a data-image-id=\"2177\" role=\"button\" data-elementor-open-lightbox=\"no\" tabindex=\"0\" rel=\"jtg-10298\" data-caption=\"\" aria-label=\"Abrir la imagen en una caja de luz\" class=\"tile-inner modula-item-link\"><\/a>\n\t\t\n\t\t<img decoding=\"async\" class=\"pic wp-image-2177\"  data-valign=\"middle\" data-halign=\"center\" alt=\"\" data-full=\"https:\/\/revista925taxco.fad.unam.mx\/wp-content\/uploads\/2017\/02\/06elizabeth.jpg\" title=\"06elizabeth\" crop=\"\" width=\"300\" height=\"200\" src=\"https:\/\/revista925taxco.fad.unam.mx\/wp-content\/uploads\/2017\/02\/06elizabeth-300x200.jpg\" data-src=\"https:\/\/revista925taxco.fad.unam.mx\/wp-content\/uploads\/2017\/02\/06elizabeth-300x200.jpg\" data-caption=\"\" srcset=\"https:\/\/revista925taxco.fad.unam.mx\/wp-content\/uploads\/2017\/02\/06elizabeth.jpg 1296w, https:\/\/revista925taxco.fad.unam.mx\/wp-content\/uploads\/2017\/02\/06elizabeth-300x200.jpg 300w, https:\/\/revista925taxco.fad.unam.mx\/wp-content\/uploads\/2017\/02\/06elizabeth-1024x683.jpg 1024w, https:\/\/revista925taxco.fad.unam.mx\/wp-content\/uploads\/2017\/02\/06elizabeth-480x320.jpg 480w, https:\/\/revista925taxco.fad.unam.mx\/wp-content\/uploads\/2017\/02\/06elizabeth-750x500.jpg 750w, https:\/\/revista925taxco.fad.unam.mx\/wp-content\/uploads\/2017\/02\/06elizabeth-120x80.jpg 120w\" sizes=\"(max-width: 300px) 100vw, 300px\" \/>\n\t<\/div>\n\n<\/div><div class=\"modula-item\" data-width=\"3\" data-height=\"3\" >\n\t<div class=\"modula-item-content\">\n\t\t\n\t\t\t\t\t<a data-image-id=\"2175\" role=\"button\" data-elementor-open-lightbox=\"no\" tabindex=\"0\" rel=\"jtg-10298\" data-caption=\"\" aria-label=\"Abrir la imagen en una caja de luz\" class=\"tile-inner modula-item-link\"><\/a>\n\t\t\n\t\t<img loading=\"lazy\" decoding=\"async\" class=\"pic wp-image-2175\"  data-valign=\"middle\" data-halign=\"center\" alt=\"\" data-full=\"https:\/\/revista925taxco.fad.unam.mx\/wp-content\/uploads\/2017\/02\/04elizabeth.jpg\" title=\"04elizabeth\" crop=\"\" width=\"216\" height=\"300\" src=\"https:\/\/revista925taxco.fad.unam.mx\/wp-content\/uploads\/2017\/02\/04elizabeth-216x300.jpg\" data-src=\"https:\/\/revista925taxco.fad.unam.mx\/wp-content\/uploads\/2017\/02\/04elizabeth-216x300.jpg\" data-caption=\"\" srcset=\"https:\/\/revista925taxco.fad.unam.mx\/wp-content\/uploads\/2017\/02\/04elizabeth.jpg 849w, https:\/\/revista925taxco.fad.unam.mx\/wp-content\/uploads\/2017\/02\/04elizabeth-216x300.jpg 216w, https:\/\/revista925taxco.fad.unam.mx\/wp-content\/uploads\/2017\/02\/04elizabeth-736x1024.jpg 736w, https:\/\/revista925taxco.fad.unam.mx\/wp-content\/uploads\/2017\/02\/04elizabeth-480x668.jpg 480w, https:\/\/revista925taxco.fad.unam.mx\/wp-content\/uploads\/2017\/02\/04elizabeth-359x500.jpg 359w\" sizes=\"(max-width: 216px) 100vw, 216px\" \/>\n\t<\/div>\n\n<\/div><div class=\"modula-item\" data-width=\"2\" data-height=\"3\" >\n\t<div class=\"modula-item-content\">\n\t\t\n\t\t\t\t\t<a data-image-id=\"2174\" role=\"button\" data-elementor-open-lightbox=\"no\" tabindex=\"0\" rel=\"jtg-10298\" data-caption=\"\" aria-label=\"Abrir la imagen en una caja de luz\" class=\"tile-inner modula-item-link\"><\/a>\n\t\t\n\t\t<img loading=\"lazy\" decoding=\"async\" class=\"pic wp-image-2174\"  data-valign=\"middle\" data-halign=\"center\" alt=\"\" data-full=\"https:\/\/revista925taxco.fad.unam.mx\/wp-content\/uploads\/2017\/02\/03elizabeth.jpg\" title=\"03elizabeth\" crop=\"\" width=\"200\" height=\"300\" src=\"https:\/\/revista925taxco.fad.unam.mx\/wp-content\/uploads\/2017\/02\/03elizabeth-200x300.jpg\" data-src=\"https:\/\/revista925taxco.fad.unam.mx\/wp-content\/uploads\/2017\/02\/03elizabeth-200x300.jpg\" data-caption=\"\" srcset=\"https:\/\/revista925taxco.fad.unam.mx\/wp-content\/uploads\/2017\/02\/03elizabeth.jpg 787w, https:\/\/revista925taxco.fad.unam.mx\/wp-content\/uploads\/2017\/02\/03elizabeth-200x300.jpg 200w, https:\/\/revista925taxco.fad.unam.mx\/wp-content\/uploads\/2017\/02\/03elizabeth-682x1024.jpg 682w, https:\/\/revista925taxco.fad.unam.mx\/wp-content\/uploads\/2017\/02\/03elizabeth-480x720.jpg 480w, https:\/\/revista925taxco.fad.unam.mx\/wp-content\/uploads\/2017\/02\/03elizabeth-333x500.jpg 333w\" sizes=\"(max-width: 200px) 100vw, 200px\" \/>\n\t<\/div>\n\n<\/div><div class=\"modula-item\" data-width=\"2\" data-height=\"3\" >\n\t<div class=\"modula-item-content\">\n\t\t\n\t\t\t\t\t<a data-image-id=\"2173\" role=\"button\" data-elementor-open-lightbox=\"no\" tabindex=\"0\" rel=\"jtg-10298\" data-caption=\"\" aria-label=\"Abrir la imagen en una caja de luz\" class=\"tile-inner modula-item-link\"><\/a>\n\t\t\n\t\t<img loading=\"lazy\" decoding=\"async\" class=\"pic wp-image-2173\"  data-valign=\"middle\" data-halign=\"center\" alt=\"\" data-full=\"https:\/\/revista925taxco.fad.unam.mx\/wp-content\/uploads\/2017\/02\/02elizabeth.jpg\" title=\"02elizabeth\" crop=\"\" width=\"300\" height=\"225\" src=\"https:\/\/revista925taxco.fad.unam.mx\/wp-content\/uploads\/2017\/02\/02elizabeth-300x225.jpg\" data-src=\"https:\/\/revista925taxco.fad.unam.mx\/wp-content\/uploads\/2017\/02\/02elizabeth-300x225.jpg\" data-caption=\"\" srcset=\"https:\/\/revista925taxco.fad.unam.mx\/wp-content\/uploads\/2017\/02\/02elizabeth.jpg 1142w, https:\/\/revista925taxco.fad.unam.mx\/wp-content\/uploads\/2017\/02\/02elizabeth-300x225.jpg 300w, https:\/\/revista925taxco.fad.unam.mx\/wp-content\/uploads\/2017\/02\/02elizabeth-1024x768.jpg 1024w, https:\/\/revista925taxco.fad.unam.mx\/wp-content\/uploads\/2017\/02\/02elizabeth-480x360.jpg 480w, https:\/\/revista925taxco.fad.unam.mx\/wp-content\/uploads\/2017\/02\/02elizabeth-666x500.jpg 666w, https:\/\/revista925taxco.fad.unam.mx\/wp-content\/uploads\/2017\/02\/02elizabeth-160x120.jpg 160w\" sizes=\"(max-width: 300px) 100vw, 300px\" \/>\n\t<\/div>\n\n<\/div><div class=\"modula-item\" data-width=\"5\" data-height=\"2\" >\n\t<div class=\"modula-item-content\">\n\t\t\n\t\t\t\t\t<a data-image-id=\"2172\" role=\"button\" data-elementor-open-lightbox=\"no\" tabindex=\"0\" rel=\"jtg-10298\" data-caption=\"\" aria-label=\"Abrir la imagen en una caja de luz\" class=\"tile-inner modula-item-link\"><\/a>\n\t\t\n\t\t<img loading=\"lazy\" decoding=\"async\" class=\"pic wp-image-2172\"  data-valign=\"middle\" data-halign=\"center\" alt=\"\" data-full=\"https:\/\/revista925taxco.fad.unam.mx\/wp-content\/uploads\/2017\/02\/01elizabeth.jpg\" title=\"01elizabeth\" crop=\"\" width=\"300\" height=\"200\" src=\"https:\/\/revista925taxco.fad.unam.mx\/wp-content\/uploads\/2017\/02\/01elizabeth-300x200.jpg\" data-src=\"https:\/\/revista925taxco.fad.unam.mx\/wp-content\/uploads\/2017\/02\/01elizabeth-300x200.jpg\" data-caption=\"\" srcset=\"https:\/\/revista925taxco.fad.unam.mx\/wp-content\/uploads\/2017\/02\/01elizabeth.jpg 1382w, https:\/\/revista925taxco.fad.unam.mx\/wp-content\/uploads\/2017\/02\/01elizabeth-300x200.jpg 300w, https:\/\/revista925taxco.fad.unam.mx\/wp-content\/uploads\/2017\/02\/01elizabeth-1024x682.jpg 1024w, https:\/\/revista925taxco.fad.unam.mx\/wp-content\/uploads\/2017\/02\/01elizabeth-480x320.jpg 480w, https:\/\/revista925taxco.fad.unam.mx\/wp-content\/uploads\/2017\/02\/01elizabeth-750x500.jpg 750w, https:\/\/revista925taxco.fad.unam.mx\/wp-content\/uploads\/2017\/02\/01elizabeth-120x80.jpg 120w\" sizes=\"(max-width: 300px) 100vw, 300px\" \/>\n\t<\/div>\n\n<\/div><div class=\"modula-item\" data-width=\"3\" data-height=\"2\" >\n\t<div class=\"modula-item-content\">\n\t\t\n\t\t\t\t\t<a data-image-id=\"2176\" role=\"button\" data-elementor-open-lightbox=\"no\" tabindex=\"0\" rel=\"jtg-10298\" data-caption=\"\" aria-label=\"Abrir la imagen en una caja de luz\" class=\"tile-inner modula-item-link\"><\/a>\n\t\t\n\t\t<img loading=\"lazy\" decoding=\"async\" class=\"pic wp-image-2176\"  data-valign=\"middle\" data-halign=\"center\" alt=\"\" data-full=\"https:\/\/revista925taxco.fad.unam.mx\/wp-content\/uploads\/2017\/02\/05elizabeth.jpg\" title=\"05elizabeth\" crop=\"\" width=\"300\" height=\"200\" src=\"https:\/\/revista925taxco.fad.unam.mx\/wp-content\/uploads\/2017\/02\/05elizabeth-300x200.jpg\" data-src=\"https:\/\/revista925taxco.fad.unam.mx\/wp-content\/uploads\/2017\/02\/05elizabeth-300x200.jpg\" data-caption=\"\" srcset=\"https:\/\/revista925taxco.fad.unam.mx\/wp-content\/uploads\/2017\/02\/05elizabeth.jpg 1296w, https:\/\/revista925taxco.fad.unam.mx\/wp-content\/uploads\/2017\/02\/05elizabeth-300x200.jpg 300w, https:\/\/revista925taxco.fad.unam.mx\/wp-content\/uploads\/2017\/02\/05elizabeth-1024x683.jpg 1024w, https:\/\/revista925taxco.fad.unam.mx\/wp-content\/uploads\/2017\/02\/05elizabeth-480x320.jpg 480w, https:\/\/revista925taxco.fad.unam.mx\/wp-content\/uploads\/2017\/02\/05elizabeth-750x500.jpg 750w, https:\/\/revista925taxco.fad.unam.mx\/wp-content\/uploads\/2017\/02\/05elizabeth-120x80.jpg 120w\" sizes=\"(max-width: 300px) 100vw, 300px\" \/>\n\t<\/div>\n\n<\/div>\t\t\n\t<\/div>\n\n\t\n\t\n\t<script type=\"application\/ld+json\">\n\t{\n\t\t\"@context\": \"http:\/\/schema.org\",\n\t\t\"@type\"   : \"ImageGallery\",\n\t\t\"id\"      : \"https:\/\/revista925taxco.fad.unam.mx\/index.php\/sin-titulo\/\",\n\t\t\"url\"     : \"https:\/\/revista925taxco.fad.unam.mx\/index.php\/sin-titulo\/\"\n\t}\n\n\t<\/script>\n\n\t\n<\/div>\n<\/h3>\n<p style=\"text-align: left;\"><span style=\"color: #808080;\">El discurso de un cuerpo amoroso, que traslada el deseo y que despliega por otro sus gestos, se convierte en otro por ese objeto. Barthes, recuerda el amor como una explosi\u00f3n donde el lenguaje llega a olvidar la forma del objeto del amor por el mismo peso del amor. Los retratos y los objetos son producto de la ficci\u00f3n, actuaci\u00f3n de las necesidades corporales; un rito compulsivo que evoca y a\u00f1ora a los cuerpos ausentes mediante la revelaci\u00f3n de los cuerpos y el desdoblamiento del propio ante diversas rupturas.<\/span><\/p>\n<p style=\"text-align: left;\"><span style=\"color: #808080;\">Este proceso es una serie de contradicciones desde la misma forma que maneje el g\u00e9nero en un primer momento y por eso la producci\u00f3n, gracias a que en el arte no se utilizan las mismas reglas que en otras actividades, no aparecen tantos errores, se llaman pruebas y repentinamente ciertas decisiones ya no son tuyas. A veces las cosas son afectadas por infinitas situaciones fuera de nosotros mismos y la producci\u00f3n se construye a base de posibilidades que se van tomando. Reimaginarse, entre un yeso, pastillas para la alergia, para dormir y migrar.<\/span><\/p>\n<p style=\"text-align: left;\"><span style=\"color: #808080;\">\u00bfQui\u00e9n entiende esto?<\/span><\/p>\n<p style=\"text-align: left; padding-left: 30px;\"><span style=\"color: #800000;\"><strong>Elizabeth Casasola G\u00f3mez<\/strong><\/span><\/p>\n<hr \/>\n<h5 style=\"text-align: left; padding-left: 30px;\"><span style=\"color: #800000;\">La autora es Maestra en Artes Visuales por la FAD. Ha sido seleccionada dos veces becaria de J\u00f3venes Creadores \u2013 PECDAEM. Particip\u00f3 recientemente en Encuentro de una Generaci\u00f3n en la Academia de San Carlos, ha expuesto en PhotoEspa\u00f1a 15 en la Casa de Am\u00e9rica. Es docente ciencias de la comunicaci\u00f3n, ha impartido talleres en Punctum, MEXTROPOLI, Festival Cultural de Zit\u00e1cuaro. Actualmente es responsable del proyecto del Fondo Regional para la Cultura y las Artes del Estado de M\u00e9xico, Vida es Corto. Su obra sido ha exhibida en M\u00e9xico, Per\u00fa, Argentina, Portugal, Alemania y Espa\u00f1a.<br \/>\nContacto:\u00a0<a class=\"o365button\" href=\"mailto:eli.casasola.g@gmail.com\" target=\"_blank\" rel=\"noopener\">eli.casasola.g@gmail.com<\/a><\/span><\/h5>\n","protected":false},"excerpt":{"rendered":"<p>Febrero de 2017 -T\u00fa- pronunci\u00f3 hacia la mitad del invierno -T\u00fa- dijo, se\u00f1al\u00e1ndose el estern\u00f3n. -T\u00fa- susurr\u00f3-. T\u00fa. La respiraci\u00f3n. Todav\u00eda era el d\u00eda n.\u00ba 38. Cristina Rivera Garza Una reflexi\u00f3n po\u00e9tica sobre el quehacer del arte, que describe el proceso de producci\u00f3n que instiga a la investigaci\u00f3n para respuestas filos\u00f3ficas y po\u00e9ticas, sobre todo para la creaci\u00f3n de las obras. Algo por descubrir en el transcurso de la creaci\u00f3n que debe ser justificado con palabras. La tensi\u00f3n entre imaginar y concebir\u2026 Las pr\u00e1cticas creativas est\u00e1n ante una disposici\u00f3n p\u00fablico\/privado como lo declara Leonor Arfuch, son experiencias m\u00edsticas tendientes de<\/p>\n","protected":false},"author":2,"featured_media":0,"parent":0,"menu_order":0,"comment_status":"open","ping_status":"closed","template":"","meta":{"footnotes":""},"class_list":["post-2161","page","type-page","status-publish","hentry"],"_links":{"self":[{"href":"https:\/\/revista925taxco.fad.unam.mx\/index.php\/wp-json\/wp\/v2\/pages\/2161","targetHints":{"allow":["GET"]}}],"collection":[{"href":"https:\/\/revista925taxco.fad.unam.mx\/index.php\/wp-json\/wp\/v2\/pages"}],"about":[{"href":"https:\/\/revista925taxco.fad.unam.mx\/index.php\/wp-json\/wp\/v2\/types\/page"}],"author":[{"embeddable":true,"href":"https:\/\/revista925taxco.fad.unam.mx\/index.php\/wp-json\/wp\/v2\/users\/2"}],"replies":[{"embeddable":true,"href":"https:\/\/revista925taxco.fad.unam.mx\/index.php\/wp-json\/wp\/v2\/comments?post=2161"}],"version-history":[{"count":16,"href":"https:\/\/revista925taxco.fad.unam.mx\/index.php\/wp-json\/wp\/v2\/pages\/2161\/revisions"}],"predecessor-version":[{"id":10300,"href":"https:\/\/revista925taxco.fad.unam.mx\/index.php\/wp-json\/wp\/v2\/pages\/2161\/revisions\/10300"}],"wp:attachment":[{"href":"https:\/\/revista925taxco.fad.unam.mx\/index.php\/wp-json\/wp\/v2\/media?parent=2161"}],"curies":[{"name":"wp","href":"https:\/\/api.w.org\/{rel}","templated":true}]}}