{"id":1813,"date":"2016-11-11T18:14:05","date_gmt":"2016-11-12T00:14:05","guid":{"rendered":"https:\/\/revista925taxco.fad.unam.mx?page_id=1813"},"modified":"2021-05-17T13:22:06","modified_gmt":"2021-05-17T19:22:06","slug":"vereda-digital","status":"publish","type":"page","link":"https:\/\/revista925taxco.fad.unam.mx\/index.php\/vereda-digital\/","title":{"rendered":"Acerca de este proyecto"},"content":{"rendered":"<p style=\"text-align: left;\"><strong><a href=\"https:\/\/revista925taxco.fad.unam.mxwp-content\/uploads\/2016\/11\/VD-1.jpg\"><img fetchpriority=\"high\" decoding=\"async\" class=\" wp-image-1806 alignright\" src=\"https:\/\/revista925taxco.fad.unam.mxwp-content\/uploads\/2016\/11\/VD-1.jpg\" alt=\"vd-1\" width=\"338\" height=\"450\" srcset=\"https:\/\/revista925taxco.fad.unam.mx\/wp-content\/uploads\/2016\/11\/VD-1.jpg 720w, https:\/\/revista925taxco.fad.unam.mx\/wp-content\/uploads\/2016\/11\/VD-1-225x300.jpg 225w, https:\/\/revista925taxco.fad.unam.mx\/wp-content\/uploads\/2016\/11\/VD-1-480x640.jpg 480w, https:\/\/revista925taxco.fad.unam.mx\/wp-content\/uploads\/2016\/11\/VD-1-375x500.jpg 375w\" sizes=\"(max-width: 338px) 100vw, 338px\" \/><\/a><span style=\"color: #003366;\">La Vereda\u00a0Digital es un proyecto creado en agosto del 2012<\/span><\/strong><span style=\"color: #003366;\"> por la Coordinaci\u00f3n Difusi\u00f3n Cultural FAD Taxco por instrucciones de la Direcci\u00f3n de la entonces ENAP\u00a0a cargo del Dr. Jos\u00e9 Daniel Manzano Aguila, como una extensi\u00f3n del proyecto original surgido en el mismo a\u00f1o en el plantel Xochimilco. La concepci\u00f3n del proyecto para Taxco inici\u00f3 tan solo con l\u00e1piz y papel para culminar bocetos con tinta china para ser presentadas para su aprobaci\u00f3n.<strong><br \/>\n<\/strong><\/span><\/p>\n<p style=\"text-align: left;\"><span style=\"color: #003366;\">En entrevista concedida al diario <strong>El Sur, Peri\u00f3dico de Guerrero<\/strong>\u00a0el 29 de marzo de 2014, el Dr. Manzano Aguila\u00a0coment\u00f3 que la Vereda Digital es una oportunidad de acercar a la instituci\u00f3n con su entorno. \u00abEl proyecto busca acercarse a la comunidad, no solamente enclavados como una escuela, sino para tener cierta repercusi\u00f3n con su entorno y la sociedad de Taxco al exhibir en lo que hemos llamado la Vereda Digital las tradiciones de Taxco a trav\u00e9s de fotograf\u00edas y de propuestas de la comunidad universitaria\u00bb.<\/span><\/p>\n<p style=\"text-align: left;\"><span style=\"color: #003366;\">\u201cQueremos que sientan que este es un espacio de ellos, que siempre lo ha sido, y que nosotros estamos con ellos, podemos participar preservando la cultura y sus bienes como el caso de esta exposici\u00f3n hist\u00f3rica, para que vengan a ver c\u00f3mo estaba Taxco\u201d, se\u00f1al\u00f3 finalmente.<\/span><\/p>\n<p style=\"text-align: left;\"><span style=\"color: #003366;\">Este corredor cultural consiste en una galer\u00eda abierta a todo el p\u00fablico, ubicado en muros y rejas del plantel como una serie de mamparas negras dispuestas para recibir diversas im\u00e1genes.<\/span><\/p>\n<p style=\"text-align: left;\"><span style=\"color: #003366;\">El jueves 27 de marzo del 2014 inici\u00f3 formalmente este proyecto que busca impactar el entorno social de la FAD plantel Taxco as\u00ed como retroalimentarse permanentemente de la ciudad de Taxco, su entorno y su historia puesto que, esta iniciativa promueve el acercamiento a la comunidad de Taxco.<\/span><\/p>\n<p style=\"text-align: left; padding-left: 30px;\"><span style=\"color: #993300;\">Mtro. Jorge Fanuvy N\u00fa\u00f1ez Aguilera<br \/>\nCoordinador de Difusi\u00f3n Cultural<br \/>\nFAD UNAM Taxco<\/span><\/p>\n<figure id=\"attachment_1829\" aria-describedby=\"caption-attachment-1829\" style=\"width: 800px\" class=\"wp-caption aligncenter\"><a href=\"https:\/\/revista925taxco.fad.unam.mxwp-content\/uploads\/2016\/11\/VD-5.jpg\"><img decoding=\"async\" class=\"wp-image-1829\" src=\"https:\/\/revista925taxco.fad.unam.mxwp-content\/uploads\/2016\/11\/VD-5.jpg\" alt=\"vd-5\" width=\"800\" height=\"533\" \/><\/a><figcaption id=\"caption-attachment-1829\" class=\"wp-caption-text\"><span style=\"color: #993300;\">En esta vista se aprecian las mamparas colocadas en el muro del plantel Taxco de la FAD sobre la calle Lic. Xavier Olea Mu\u00f1oz.<\/span><\/figcaption><\/figure>\n<figure id=\"attachment_1830\" aria-describedby=\"caption-attachment-1830\" style=\"width: 800px\" class=\"wp-caption aligncenter\"><a href=\"https:\/\/revista925taxco.fad.unam.mxwp-content\/uploads\/2016\/11\/VD-6.jpg\"><img decoding=\"async\" class=\"wp-image-1830\" src=\"https:\/\/revista925taxco.fad.unam.mxwp-content\/uploads\/2016\/11\/VD-6.jpg\" alt=\"vd-6\" width=\"800\" height=\"533\" \/><\/a><figcaption id=\"caption-attachment-1830\" class=\"wp-caption-text\"><span style=\"color: #993300;\">En esta vista se aprecian tanto la mampara principal, as\u00ed como las mamparas dispuestas para recibir las l\u00e1minas en los muros y rejas del plantel Taxco de la FAD.<\/span><\/figcaption><\/figure>\n","protected":false},"excerpt":{"rendered":"<p>La Vereda\u00a0Digital es un proyecto creado en agosto del 2012 por la Coordinaci\u00f3n Difusi\u00f3n Cultural FAD Taxco por instrucciones de la Direcci\u00f3n de la entonces ENAP\u00a0a cargo del Dr. Jos\u00e9 Daniel Manzano Aguila, como una extensi\u00f3n del proyecto original surgido en el mismo a\u00f1o en el plantel Xochimilco. La concepci\u00f3n del proyecto para Taxco inici\u00f3 tan solo con l\u00e1piz y papel para culminar bocetos con tinta china para ser presentadas para su aprobaci\u00f3n. En entrevista concedida al diario El Sur, Peri\u00f3dico de Guerrero\u00a0el 29 de marzo de 2014, el Dr. Manzano Aguila\u00a0coment\u00f3 que la Vereda Digital es una oportunidad de<\/p>\n","protected":false},"author":1,"featured_media":0,"parent":0,"menu_order":0,"comment_status":"open","ping_status":"closed","template":"page-one-column.php","meta":{"footnotes":""},"class_list":["post-1813","page","type-page","status-publish","hentry"],"_links":{"self":[{"href":"https:\/\/revista925taxco.fad.unam.mx\/index.php\/wp-json\/wp\/v2\/pages\/1813","targetHints":{"allow":["GET"]}}],"collection":[{"href":"https:\/\/revista925taxco.fad.unam.mx\/index.php\/wp-json\/wp\/v2\/pages"}],"about":[{"href":"https:\/\/revista925taxco.fad.unam.mx\/index.php\/wp-json\/wp\/v2\/types\/page"}],"author":[{"embeddable":true,"href":"https:\/\/revista925taxco.fad.unam.mx\/index.php\/wp-json\/wp\/v2\/users\/1"}],"replies":[{"embeddable":true,"href":"https:\/\/revista925taxco.fad.unam.mx\/index.php\/wp-json\/wp\/v2\/comments?post=1813"}],"version-history":[{"count":21,"href":"https:\/\/revista925taxco.fad.unam.mx\/index.php\/wp-json\/wp\/v2\/pages\/1813\/revisions"}],"predecessor-version":[{"id":7031,"href":"https:\/\/revista925taxco.fad.unam.mx\/index.php\/wp-json\/wp\/v2\/pages\/1813\/revisions\/7031"}],"wp:attachment":[{"href":"https:\/\/revista925taxco.fad.unam.mx\/index.php\/wp-json\/wp\/v2\/media?parent=1813"}],"curies":[{"name":"wp","href":"https:\/\/api.w.org\/{rel}","templated":true}]}}