{"id":1414,"date":"2016-11-07T13:51:13","date_gmt":"2016-11-07T19:51:13","guid":{"rendered":"https:\/\/revista925taxco.fad.unam.mx?page_id=1414"},"modified":"2024-11-04T10:42:18","modified_gmt":"2024-11-04T16:42:18","slug":"consecuencias","status":"publish","type":"page","link":"https:\/\/revista925taxco.fad.unam.mx\/index.php\/consecuencias\/","title":{"rendered":"Consecuencias"},"content":{"rendered":"<h1 style=\"padding-left: 30px;\"><span style=\"color: #808080;\">Noviembre de 2016<\/span><\/h1>\n<p style=\"padding-left: 30px;\">\n<p style=\"text-align: left;\"><span style=\"color: #808080;\"><strong>Siempre que veo una imagen me imagino como ser\u00eda si le a\u00f1adiera otro elemento<\/strong> que no tuviera nada que ver, pero que lo complementara, eso es lo que siempre trato de hacer, extraer a las im\u00e1genes de su contexto y hacer un contraste, ya sea social, pol\u00edtico, cultural o simplemente visual. La imagen final no aparece enseguida, no empiezo a pegar inmediatamente, tomo mi tiempo, buscando y combinando las im\u00e1genes que voy encontrando\u2026 y durante el proceso la idea aparece.<\/span><\/p>\n<p style=\"text-align: left;\"><span style=\"color: #808080;\">Dedico tiempo a ver revistas, peri\u00f3dicos, libros, recortar, hacer un acomodo con los recortes y finalmente el pegar es el proceso por el cual pasan la mayor\u00eda de mis collages, puede leerse como un proceso f\u00e1cil y r\u00e1pido, pero lleva tiempo finalizar una pieza. Muchas veces teniendo recortadas las im\u00e1genes no encuentro que hacer con ellas, no me pasa nada por la cabeza, en cambio, otras veces, tengo ideas y s\u00e9 qu\u00e9 es lo que quiero, y c\u00f3mo lo quiero.<\/span><\/p>\n<p style=\"text-align: left;\"><span style=\"color: #808080;\">Me gusta la manipulaci\u00f3n digital y el collage con recortes. No me voy por uno exclusivamente, cada t\u00e9cnica tiene sus particularidades y a veces me gusta hacer m\u00e1s uno que otro, depende del espacio d\u00f3nde me encuentre, si tengo lo necesario para hacer uno u otro. Tambi\u00e9n influye c\u00f3mo me sienta ese d\u00eda. Hay d\u00edas en los que quiero sentir el papel, buscar en revistas, recortar con tijeras o c\u00fater, tener un desorden con todo lo que he recortado y hay otros d\u00edas en los que quiero abrir Photoshop, ponerme aud\u00edfonos y recortar de manera digital.<\/span><\/p>\n\t\t\t\t\t<div class=\"gallery_box_single\">\n\t\t\t\t\t\t<p class=\"not_found\">Lo siento, no se encontr\u00f3 nada.<\/p>\n\t\t\t\t\t<\/div><!-- .gallery_box_single -->\n\t\t\t\t\t\n<p style=\"text-align: left;\"><span style=\"color: #808080;\">El collage lo realizo a partir de ideas que voy teniendo y surgen a partir de ah\u00ed, pero me gusta que el espectador saque sus conclusiones y le d\u00e9 el significado que quiera.<\/span><\/p>\n<p style=\"text-align: left;\"><span style=\"color: #808080;\">Para esta serie agregarle caligraf\u00eda creo que refuerza la idea que quiero transmitir en algunas piezas y otras s\u00f3lo quiero hacer un contraste entre la imagen y el texto. Me gust\u00f3 haber agregado caligraf\u00eda a la imagen, se complementan muy bien y ayuda a transmitir de forma m\u00e1s contundente la idea o el mensaje, sin duda seguir\u00e9 experimentando con las dos t\u00e9cnicas juntas.<\/span><\/p>\n<p style=\"text-align: left; padding-left: 30px;\"><span style=\"color: #800000;\"><strong>THERROR<\/strong><\/span><\/p>\n<hr \/>\n<h5 style=\"text-align: left; padding-left: 30px;\"><span style=\"color: #800000;\">El autor es egresado de la Licenciatura en Comunicaci\u00f3n Visual de la FAD UNAM.<\/span><\/h5>\n<h5 style=\"padding-left: 30px;\"><span style=\"color: #800000;\">M\u00e1s informaci\u00f3n en Instagram: <a href=\"https:\/\/www.instagram.com\/therror_\/\">therror_<\/a><\/span><\/h5>\n","protected":false},"excerpt":{"rendered":"<p>Noviembre de 2016 Siempre que veo una imagen me imagino como ser\u00eda si le a\u00f1adiera otro elemento que no tuviera nada que ver, pero que lo complementara, eso es lo que siempre trato de hacer, extraer a las im\u00e1genes de su contexto y hacer un contraste, ya sea social, pol\u00edtico, cultural o simplemente visual. La imagen final no aparece enseguida, no empiezo a pegar inmediatamente, tomo mi tiempo, buscando y combinando las im\u00e1genes que voy encontrando\u2026 y durante el proceso la idea aparece. Dedico tiempo a ver revistas, peri\u00f3dicos, libros, recortar, hacer un acomodo con los recortes y finalmente el<\/p>\n","protected":false},"author":1,"featured_media":0,"parent":0,"menu_order":0,"comment_status":"closed","ping_status":"closed","template":"","meta":{"footnotes":""},"class_list":["post-1414","page","type-page","status-publish","hentry"],"_links":{"self":[{"href":"https:\/\/revista925taxco.fad.unam.mx\/index.php\/wp-json\/wp\/v2\/pages\/1414","targetHints":{"allow":["GET"]}}],"collection":[{"href":"https:\/\/revista925taxco.fad.unam.mx\/index.php\/wp-json\/wp\/v2\/pages"}],"about":[{"href":"https:\/\/revista925taxco.fad.unam.mx\/index.php\/wp-json\/wp\/v2\/types\/page"}],"author":[{"embeddable":true,"href":"https:\/\/revista925taxco.fad.unam.mx\/index.php\/wp-json\/wp\/v2\/users\/1"}],"replies":[{"embeddable":true,"href":"https:\/\/revista925taxco.fad.unam.mx\/index.php\/wp-json\/wp\/v2\/comments?post=1414"}],"version-history":[{"count":19,"href":"https:\/\/revista925taxco.fad.unam.mx\/index.php\/wp-json\/wp\/v2\/pages\/1414\/revisions"}],"predecessor-version":[{"id":3939,"href":"https:\/\/revista925taxco.fad.unam.mx\/index.php\/wp-json\/wp\/v2\/pages\/1414\/revisions\/3939"}],"wp:attachment":[{"href":"https:\/\/revista925taxco.fad.unam.mx\/index.php\/wp-json\/wp\/v2\/media?parent=1414"}],"curies":[{"name":"wp","href":"https:\/\/api.w.org\/{rel}","templated":true}]}}